{"id":7506,"date":"2023-03-22T14:32:46","date_gmt":"2023-03-22T17:32:46","guid":{"rendered":"https:\/\/international.nubank.com.br\/jobs\/"},"modified":"2023-08-11T18:30:27","modified_gmt":"2023-08-11T21:30:27","slug":"jobs","status":"publish","type":"page","link":"https:\/\/international.nubank.com.br\/pt-br\/jobs\/","title":{"rendered":"Vagas Dispon\u00edveis"},"content":{"rendered":"","protected":false},"excerpt":{"rendered":"","protected":false},"author":30,"featured_media":10037,"parent":0,"menu_order":0,"comment_status":"closed","ping_status":"closed","template":"jobs.php","meta":{"_acf_changed":false,"footnotes":""},"class_list":["post-7506","page","type-page","status-publish","has-post-thumbnail","hentry"],"acf":[],"yoast_head":"<!-- This site is optimized with the Yoast SEO plugin v27.4 - https:\/\/yoast.com\/product\/yoast-seo-wordpress\/ -->\n<title>Vagas Dispon\u00edveis - Nu International<\/title>\n<meta name=\"description\" content=\"N\u00f3s nascemos para revolucionar o sistema financeiro e libertar as pessoas da complexidade. Junte-se a n\u00f3s!\" \/>\n<meta name=\"robots\" content=\"index, follow, max-snippet:-1, max-image-preview:large, max-video-preview:-1\" \/>\n<link rel=\"canonical\" href=\"https:\/\/international.nubank.com.br\/pt-br\/jobs\/\" \/>\n<meta property=\"og:locale\" content=\"pt_BR\" \/>\n<meta property=\"og:type\" content=\"article\" \/>\n<meta property=\"og:title\" content=\"Carreiras Nu - Junte-se a n\u00f3s!\" \/>\n<meta property=\"og:description\" content=\"N\u00f3s nascemos para revolucionar o sistema financeiro e libertar as pessoas da complexidade. Junte-se a n\u00f3s!\" \/>\n<meta property=\"og:url\" content=\"https:\/\/international.nubank.com.br\/pt-br\/jobs\/\" \/>\n<meta property=\"og:site_name\" content=\"Nu International\" \/>\n<meta property=\"article:modified_time\" content=\"2023-08-11T21:30:27+00:00\" \/>\n<meta property=\"og:image\" content=\"https:\/\/international.nubank.com.br\/wp-content\/uploads\/2023\/08\/GIF-Talent-Brand-Folder-Redim_Optimize.gif\" \/>\n\t<meta property=\"og:image:width\" content=\"640\" \/>\n\t<meta property=\"og:image:height\" content=\"640\" \/>\n\t<meta property=\"og:image:type\" content=\"image\/gif\" \/>\n<meta name=\"twitter:card\" content=\"summary_large_image\" \/>\n<meta name=\"twitter:title\" content=\"Carreiras Nu - Junte-se a n\u00f3s!\" \/>\n<meta name=\"twitter:description\" content=\"N\u00f3s nascemos para revolucionar o sistema financeiro e libertar as pessoas da complexidade. Junte-se a n\u00f3s!\" \/>\n<meta name=\"twitter:image\" content=\"https:\/\/international.nubank.com.br\/wp-content\/uploads\/2023\/08\/GIF-Talent-Brand-Folder-Redim_Optimize.gif\" \/>\n<script type=\"application\/ld+json\" class=\"yoast-schema-graph\">{\"@context\":\"https:\\\/\\\/schema.org\",\"@graph\":[{\"@type\":\"WebPage\",\"@id\":\"https:\\\/\\\/international.nubank.com.br\\\/pt-br\\\/jobs\\\/\",\"url\":\"https:\\\/\\\/international.nubank.com.br\\\/pt-br\\\/jobs\\\/\",\"name\":\"Vagas Dispon\u00edveis - Nu International\",\"isPartOf\":{\"@id\":\"https:\\\/\\\/international.nubank.com.br\\\/pt-br\\\/#website\"},\"primaryImageOfPage\":{\"@id\":\"https:\\\/\\\/international.nubank.com.br\\\/pt-br\\\/jobs\\\/#primaryimage\"},\"image\":{\"@id\":\"https:\\\/\\\/international.nubank.com.br\\\/pt-br\\\/jobs\\\/#primaryimage\"},\"thumbnailUrl\":\"https:\\\/\\\/international.nubank.com.br\\\/wp-content\\\/uploads\\\/2023\\\/08\\\/GIF-Talent-Brand-Folder-Redim_Optimize.gif\",\"datePublished\":\"2023-03-22T17:32:46+00:00\",\"dateModified\":\"2023-08-11T21:30:27+00:00\",\"description\":\"N\u00f3s nascemos para revolucionar o sistema financeiro e libertar as pessoas da complexidade. Junte-se a n\u00f3s!\",\"breadcrumb\":{\"@id\":\"https:\\\/\\\/international.nubank.com.br\\\/pt-br\\\/jobs\\\/#breadcrumb\"},\"inLanguage\":\"pt-BR\",\"potentialAction\":[{\"@type\":\"ReadAction\",\"target\":[\"https:\\\/\\\/international.nubank.com.br\\\/pt-br\\\/jobs\\\/\"]}]},{\"@type\":\"ImageObject\",\"inLanguage\":\"pt-BR\",\"@id\":\"https:\\\/\\\/international.nubank.com.br\\\/pt-br\\\/jobs\\\/#primaryimage\",\"url\":\"https:\\\/\\\/international.nubank.com.br\\\/wp-content\\\/uploads\\\/2023\\\/08\\\/GIF-Talent-Brand-Folder-Redim_Optimize.gif\",\"contentUrl\":\"https:\\\/\\\/international.nubank.com.br\\\/wp-content\\\/uploads\\\/2023\\\/08\\\/GIF-Talent-Brand-Folder-Redim_Optimize.gif\",\"width\":640,\"height\":640,\"caption\":\"Join our team \u00danete a nuestro equipo Venha para nosso time\"},{\"@type\":\"BreadcrumbList\",\"@id\":\"https:\\\/\\\/international.nubank.com.br\\\/pt-br\\\/jobs\\\/#breadcrumb\",\"itemListElement\":[{\"@type\":\"ListItem\",\"position\":1,\"name\":\"Home\",\"item\":\"https:\\\/\\\/international.nubank.com.br\\\/pt-br\\\/\"},{\"@type\":\"ListItem\",\"position\":2,\"name\":\"Vagas Dispon\u00edveis\"}]},{\"@type\":\"WebSite\",\"@id\":\"https:\\\/\\\/international.nubank.com.br\\\/pt-br\\\/#website\",\"url\":\"https:\\\/\\\/international.nubank.com.br\\\/pt-br\\\/\",\"name\":\"Nu International\",\"description\":\"\",\"publisher\":{\"@id\":\"https:\\\/\\\/international.nubank.com.br\\\/pt-br\\\/#organization\"},\"potentialAction\":[{\"@type\":\"SearchAction\",\"target\":{\"@type\":\"EntryPoint\",\"urlTemplate\":\"https:\\\/\\\/international.nubank.com.br\\\/pt-br\\\/?s={search_term_string}\"},\"query-input\":{\"@type\":\"PropertyValueSpecification\",\"valueRequired\":true,\"valueName\":\"search_term_string\"}}],\"inLanguage\":\"pt-BR\"},{\"@type\":\"Organization\",\"@id\":\"https:\\\/\\\/international.nubank.com.br\\\/pt-br\\\/#organization\",\"name\":\"Nu International\",\"url\":\"https:\\\/\\\/international.nubank.com.br\\\/pt-br\\\/\",\"logo\":{\"@type\":\"ImageObject\",\"inLanguage\":\"pt-BR\",\"@id\":\"https:\\\/\\\/international.nubank.com.br\\\/pt-br\\\/#\\\/schema\\\/logo\\\/image\\\/\",\"url\":\"https:\\\/\\\/international.nubank.com.br\\\/wp-content\\\/uploads\\\/2022\\\/08\\\/favicon.png\",\"contentUrl\":\"https:\\\/\\\/international.nubank.com.br\\\/wp-content\\\/uploads\\\/2022\\\/08\\\/favicon.png\",\"width\":512,\"height\":512,\"caption\":\"Nu International\"},\"image\":{\"@id\":\"https:\\\/\\\/international.nubank.com.br\\\/pt-br\\\/#\\\/schema\\\/logo\\\/image\\\/\"}}]}<\/script>\n<!-- \/ Yoast SEO plugin. -->","yoast_head_json":{"title":"Vagas Dispon\u00edveis - Nu International","description":"N\u00f3s nascemos para revolucionar o sistema financeiro e libertar as pessoas da complexidade. Junte-se a n\u00f3s!","robots":{"index":"index","follow":"follow","max-snippet":"max-snippet:-1","max-image-preview":"max-image-preview:large","max-video-preview":"max-video-preview:-1"},"canonical":"https:\/\/international.nubank.com.br\/pt-br\/jobs\/","og_locale":"pt_BR","og_type":"article","og_title":"Carreiras Nu - Junte-se a n\u00f3s!","og_description":"N\u00f3s nascemos para revolucionar o sistema financeiro e libertar as pessoas da complexidade. Junte-se a n\u00f3s!","og_url":"https:\/\/international.nubank.com.br\/pt-br\/jobs\/","og_site_name":"Nu International","article_modified_time":"2023-08-11T21:30:27+00:00","og_image":[{"width":640,"height":640,"url":"https:\/\/international.nubank.com.br\/wp-content\/uploads\/2023\/08\/GIF-Talent-Brand-Folder-Redim_Optimize.gif","type":"image\/gif"}],"twitter_card":"summary_large_image","twitter_title":"Carreiras Nu - Junte-se a n\u00f3s!","twitter_description":"N\u00f3s nascemos para revolucionar o sistema financeiro e libertar as pessoas da complexidade. Junte-se a n\u00f3s!","twitter_image":"https:\/\/international.nubank.com.br\/wp-content\/uploads\/2023\/08\/GIF-Talent-Brand-Folder-Redim_Optimize.gif","schema":{"@context":"https:\/\/schema.org","@graph":[{"@type":"WebPage","@id":"https:\/\/international.nubank.com.br\/pt-br\/jobs\/","url":"https:\/\/international.nubank.com.br\/pt-br\/jobs\/","name":"Vagas Dispon\u00edveis - Nu International","isPartOf":{"@id":"https:\/\/international.nubank.com.br\/pt-br\/#website"},"primaryImageOfPage":{"@id":"https:\/\/international.nubank.com.br\/pt-br\/jobs\/#primaryimage"},"image":{"@id":"https:\/\/international.nubank.com.br\/pt-br\/jobs\/#primaryimage"},"thumbnailUrl":"https:\/\/international.nubank.com.br\/wp-content\/uploads\/2023\/08\/GIF-Talent-Brand-Folder-Redim_Optimize.gif","datePublished":"2023-03-22T17:32:46+00:00","dateModified":"2023-08-11T21:30:27+00:00","description":"N\u00f3s nascemos para revolucionar o sistema financeiro e libertar as pessoas da complexidade. Junte-se a n\u00f3s!","breadcrumb":{"@id":"https:\/\/international.nubank.com.br\/pt-br\/jobs\/#breadcrumb"},"inLanguage":"pt-BR","potentialAction":[{"@type":"ReadAction","target":["https:\/\/international.nubank.com.br\/pt-br\/jobs\/"]}]},{"@type":"ImageObject","inLanguage":"pt-BR","@id":"https:\/\/international.nubank.com.br\/pt-br\/jobs\/#primaryimage","url":"https:\/\/international.nubank.com.br\/wp-content\/uploads\/2023\/08\/GIF-Talent-Brand-Folder-Redim_Optimize.gif","contentUrl":"https:\/\/international.nubank.com.br\/wp-content\/uploads\/2023\/08\/GIF-Talent-Brand-Folder-Redim_Optimize.gif","width":640,"height":640,"caption":"Join our team \u00danete a nuestro equipo Venha para nosso time"},{"@type":"BreadcrumbList","@id":"https:\/\/international.nubank.com.br\/pt-br\/jobs\/#breadcrumb","itemListElement":[{"@type":"ListItem","position":1,"name":"Home","item":"https:\/\/international.nubank.com.br\/pt-br\/"},{"@type":"ListItem","position":2,"name":"Vagas Dispon\u00edveis"}]},{"@type":"WebSite","@id":"https:\/\/international.nubank.com.br\/pt-br\/#website","url":"https:\/\/international.nubank.com.br\/pt-br\/","name":"Nu International","description":"","publisher":{"@id":"https:\/\/international.nubank.com.br\/pt-br\/#organization"},"potentialAction":[{"@type":"SearchAction","target":{"@type":"EntryPoint","urlTemplate":"https:\/\/international.nubank.com.br\/pt-br\/?s={search_term_string}"},"query-input":{"@type":"PropertyValueSpecification","valueRequired":true,"valueName":"search_term_string"}}],"inLanguage":"pt-BR"},{"@type":"Organization","@id":"https:\/\/international.nubank.com.br\/pt-br\/#organization","name":"Nu International","url":"https:\/\/international.nubank.com.br\/pt-br\/","logo":{"@type":"ImageObject","inLanguage":"pt-BR","@id":"https:\/\/international.nubank.com.br\/pt-br\/#\/schema\/logo\/image\/","url":"https:\/\/international.nubank.com.br\/wp-content\/uploads\/2022\/08\/favicon.png","contentUrl":"https:\/\/international.nubank.com.br\/wp-content\/uploads\/2022\/08\/favicon.png","width":512,"height":512,"caption":"Nu International"},"image":{"@id":"https:\/\/international.nubank.com.br\/pt-br\/#\/schema\/logo\/image\/"}}]}},"jetpack_shortlink":"https:\/\/wp.me\/PeaOGT-1X4","_links":{"self":[{"href":"https:\/\/international.nubank.com.br\/pt-br\/wp-json\/wp\/v2\/pages\/7506","targetHints":{"allow":["GET"]}}],"collection":[{"href":"https:\/\/international.nubank.com.br\/pt-br\/wp-json\/wp\/v2\/pages"}],"about":[{"href":"https:\/\/international.nubank.com.br\/pt-br\/wp-json\/wp\/v2\/types\/page"}],"author":[{"embeddable":true,"href":"https:\/\/international.nubank.com.br\/pt-br\/wp-json\/wp\/v2\/users\/30"}],"replies":[{"embeddable":true,"href":"https:\/\/international.nubank.com.br\/pt-br\/wp-json\/wp\/v2\/comments?post=7506"}],"version-history":[{"count":9,"href":"https:\/\/international.nubank.com.br\/pt-br\/wp-json\/wp\/v2\/pages\/7506\/revisions"}],"predecessor-version":[{"id":10085,"href":"https:\/\/international.nubank.com.br\/pt-br\/wp-json\/wp\/v2\/pages\/7506\/revisions\/10085"}],"wp:featuredmedia":[{"embeddable":true,"href":"https:\/\/international.nubank.com.br\/pt-br\/wp-json\/wp\/v2\/media\/10037"}],"wp:attachment":[{"href":"https:\/\/international.nubank.com.br\/pt-br\/wp-json\/wp\/v2\/media?parent=7506"}],"curies":[{"name":"wp","href":"https:\/\/api.w.org\/{rel}","templated":true}]}}